{"id":1570,"date":"2025-05-21T20:34:12","date_gmt":"2025-05-21T18:34:12","guid":{"rendered":"https:\/\/stage.zen-road.org\/?page_id=1570"},"modified":"2025-10-13T21:47:24","modified_gmt":"2025-10-13T19:47:24","slug":"home","status":"publish","type":"page","link":"https:\/\/stage.zen-road.org\/","title":{"rendered":"Home"},"content":{"rendered":"\n\n\n<main class=\"wp-block-group is-layout-flow wp-container-core-group-is-layout-bb62f62d wp-block-group-is-layout-flow\" style=\"margin-top:0\">\n<div class=\"wp-block-group alignfull has-background has-global-padding is-layout-constrained wp-container-core-group-is-layout-490fa1db wp-block-group-is-layout-constrained\" style=\"background-color:#f1ede0;padding-top:var(--wp--preset--spacing--50);padding-right:var(--wp--preset--spacing--50);padding-bottom:var(--wp--preset--spacing--50);padding-left:var(--wp--preset--spacing--50)\">\n<div class=\"wp-block-group has-global-padding is-layout-constrained wp-container-core-group-is-layout-650790e1 wp-block-group-is-layout-constrained\">\n<h1 class=\"wp-block-heading has-text-align-center has-xx-large-font-size\">Zen Road+<\/h1>\n\n\n\n<div style=\"height:1.25rem\" aria-hidden=\"true\" class=\"wp-block-spacer\"><\/div>\n\n\n\n<p class=\"has-text-align-center\">Une description du zen, de zazen et de nous &#8211; 2- 3 phrases<\/p>\n\n\n\n<p class=\"has-text-align-center\">Eine Beschreibung von Zen, Zazen und uns &#8211; 2- 3 S\u00e4tzen<\/p>\n\n\n\n<div style=\"height:1.25rem\" aria-hidden=\"true\" class=\"wp-block-spacer\"><\/div>\n\n\n\n<div class=\"wp-block-buttons is-content-justification-center is-layout-flex wp-container-core-buttons-is-layout-a89b3969 wp-block-buttons-is-layout-flex\">\n<div class=\"wp-block-button\"><a class=\"wp-block-button__link wp-element-button\" href=\"https:\/\/stage.zen-road.org\/?page_id=475\">Qui-sommes nous ?<\/a><\/div>\n<\/div>\n<\/div>\n\n\n\n<div style=\"height:var(--wp--preset--spacing--30)\" aria-hidden=\"true\" class=\"wp-block-spacer\"><\/div>\n<\/div>\n\n\n\n<figure class=\"wp-block-gallery alignwide has-nested-images columns-default is-cropped wp-block-gallery-3 is-layout-flex wp-block-gallery-is-layout-flex\">\n<figure class=\"wp-block-image size-full\"><img loading=\"lazy\" decoding=\"async\" width=\"1500\" height=\"845\" data-id=\"553\" src=\"http:\/\/stage.zen-road.org\/wp-content\/uploads\/2025\/03\/DSC03234_h_lagrange.jpg\" alt=\"\" class=\"wp-image-553\" srcset=\"https:\/\/stage.zen-road.org\/wp-content\/uploads\/2025\/03\/DSC03234_h_lagrange.jpg 1500w, https:\/\/stage.zen-road.org\/wp-content\/uploads\/2025\/03\/DSC03234_h_lagrange-300x169.jpg 300w, https:\/\/stage.zen-road.org\/wp-content\/uploads\/2025\/03\/DSC03234_h_lagrange-1024x577.jpg 1024w, https:\/\/stage.zen-road.org\/wp-content\/uploads\/2025\/03\/DSC03234_h_lagrange-768x433.jpg 768w\" sizes=\"auto, (max-width: 1500px) 100vw, 1500px\" \/><\/figure>\n\n\n\n<figure class=\"wp-block-image size-full\"><img loading=\"lazy\" decoding=\"async\" width=\"684\" height=\"638\" data-id=\"554\" src=\"http:\/\/stage.zen-road.org\/wp-content\/uploads\/2025\/03\/FOO_3412_denis_crozet-rotated-e1741113177384.jpg\" alt=\"\" class=\"wp-image-554\" srcset=\"https:\/\/stage.zen-road.org\/wp-content\/uploads\/2025\/03\/FOO_3412_denis_crozet-rotated-e1741113177384.jpg 684w, https:\/\/stage.zen-road.org\/wp-content\/uploads\/2025\/03\/FOO_3412_denis_crozet-rotated-e1741113177384-300x280.jpg 300w\" sizes=\"auto, (max-width: 684px) 100vw, 684px\" \/><\/figure>\n\n\n\n<figure class=\"wp-block-image size-full wp-duotone-varpresetduotoneduotone-1-2\"><img loading=\"lazy\" decoding=\"async\" width=\"1024\" height=\"684\" data-id=\"562\" src=\"http:\/\/stage.zen-road.org\/wp-content\/uploads\/2025\/03\/FOO_3528_walk4_crozet.jpg\" alt=\"\" class=\"wp-image-562\" srcset=\"https:\/\/stage.zen-road.org\/wp-content\/uploads\/2025\/03\/FOO_3528_walk4_crozet.jpg 1024w, https:\/\/stage.zen-road.org\/wp-content\/uploads\/2025\/03\/FOO_3528_walk4_crozet-300x200.jpg 300w, https:\/\/stage.zen-road.org\/wp-content\/uploads\/2025\/03\/FOO_3528_walk4_crozet-768x513.jpg 768w\" sizes=\"auto, (max-width: 1024px) 100vw, 1024px\" \/><\/figure>\n<\/figure>\n\n\n\n<div class=\"wp-block-columns alignwide is-layout-flex wp-container-core-columns-is-layout-d2da2050 wp-block-columns-is-layout-flex\" style=\"margin-bottom:0\">\n<div class=\"wp-block-column has-accent-2-background-color has-text-color has-background has-link-color wp-elements-bdfbc18324a918ac38af96a6f23f1c54 is-layout-flow wp-block-column-is-layout-flow\" style=\"color:#000000;padding-top:2em;padding-right:2em;padding-bottom:2em;padding-left:2em\">\n<h1 class=\"wp-block-heading\" id=\"single\" style=\"font-size:clamp(24.034px, 1.502rem + ((1vw - 3.2px) * 1.663), 40px);\"><strong>Le Zen<\/strong><\/h1>\n\n\n\n<p class=\"has-normal-font-size\" style=\"line-height:1.5\"><strong>Pratique et enseignements<\/strong><\/p>\n\n\n\n<hr class=\"wp-block-separator has-text-color has-css-opacity has-background is-style-wide\" style=\"background-color:#000000;color:#000000\"\/>\n\n\n\n<ul class=\"wp-block-list has-normal-font-size\">\n<li>Zazen &#8211; la pratique<\/li>\n\n\n\n<li>Enseignements<\/li>\n\n\n\n<li>Nos publications<\/li>\n<\/ul>\n<\/div>\n\n\n\n<div class=\"wp-block-column has-text-color has-background has-link-color wp-elements-fcc958cfab873b30209aad529f1b2641 is-layout-flow wp-block-column-is-layout-flow\" style=\"color:#000000;background-color:#b77b58;padding-top:2em;padding-right:2em;padding-bottom:2em;padding-left:2em\">\n<h1 class=\"wp-block-heading\" id=\"family\" style=\"font-size:clamp(24.034px, 1.502rem + ((1vw - 3.2px) * 1.663), 40px);\"><strong>Nos activit\u00e9s<\/strong><\/h1>\n\n\n\n<p class=\"has-normal-font-size\" style=\"line-height:1.5\"><strong>Soutitre<\/strong><\/p>\n\n\n\n<hr class=\"wp-block-separator has-css-opacity is-style-wide\"\/>\n\n\n\n<ul class=\"wp-block-list has-normal-font-size\">\n<li>Qui-sommes nous ?<\/li>\n\n\n\n<li>Sesshin &#8211; retraits en et autogestion<\/li>\n\n\n\n<li>Caisse voyage et abonnement kusen<\/li>\n<\/ul>\n\n\n\n<div class=\"wp-block-buttons alignfull is-horizontal is-content-justification-center is-layout-flex wp-container-core-buttons-is-layout-03627597 wp-block-buttons-is-layout-flex\"><\/div>\n<\/div>\n\n\n\n<div class=\"wp-block-column has-text-color has-background has-link-color wp-elements-6f9fd7efeb78673619af01694ef35114 is-layout-flow wp-block-column-is-layout-flow\" style=\"color:#000000;background-color:#97b079;padding-top:2em;padding-right:2em;padding-bottom:2em;padding-left:2em\">\n<h1 class=\"wp-block-heading\" id=\"patron\" style=\"font-size:clamp(24.034px, 1.502rem + ((1vw - 3.2px) * 1.663), 40px);\"><strong>Infos pratiques<\/strong><\/h1>\n\n\n\n<p class=\"has-normal-font-size\"><strong>Quand et o\u00f9 pratiquer<\/strong><\/p>\n\n\n\n<hr class=\"wp-block-separator has-css-opacity is-style-wide\"\/>\n\n\n\n<ul class=\"wp-block-list has-normal-font-size\">\n<li>Calendrier<\/li>\n\n\n\n<li>Dojos<\/li>\n\n\n\n<li>Nous contacter<\/li>\n<\/ul>\n\n\n\n<div class=\"wp-block-buttons alignfull is-horizontal is-content-justification-center is-layout-flex wp-container-core-buttons-is-layout-03627597 wp-block-buttons-is-layout-flex\"><\/div>\n<\/div>\n<\/div>\n\n\n\n<div class=\"wp-block-group alignfull has-background has-global-padding is-layout-constrained wp-container-core-group-is-layout-3aaaaffa wp-block-group-is-layout-constrained\" style=\"background-color:#f1ede0;margin-top:0;margin-bottom:0;padding-top:var(--wp--preset--spacing--50);padding-right:var(--wp--preset--spacing--50);padding-bottom:var(--wp--preset--spacing--50);padding-left:var(--wp--preset--spacing--50)\">\n<h2 class=\"wp-block-heading alignwide has-x-large-font-size\" style=\"margin-top:0;margin-bottom:var(--wp--preset--spacing--40);line-height:1\">Nos derniers articles<\/h2>\n\n\n\n<div class=\"wp-block-group alignwide has-global-padding is-layout-constrained wp-block-group-is-layout-constrained\">\n<div class=\"wp-block-query alignwide is-layout-flow wp-block-query-is-layout-flow\">\n\n\n<div style=\"height:var(--wp--preset--spacing--30)\" aria-hidden=\"true\" class=\"wp-block-spacer\"><\/div>\n\n\n\n\n<div class=\"wp-block-query-no-results\">\n\n<p>No posts were found.<\/p>\n\n<\/div><\/div>\n<\/div>\n<\/div>\n\n\n\n<div class=\"wp-block-group alignfull has-background has-global-padding is-layout-constrained wp-container-core-group-is-layout-d89aad35 wp-block-group-is-layout-constrained\" style=\"background-color:#f1ede0;margin-top:0;margin-bottom:0;padding-top:var(--wp--preset--spacing--50);padding-right:var(--wp--preset--spacing--50);padding-bottom:var(--wp--preset--spacing--50);padding-left:var(--wp--preset--spacing--50)\">\n<div class=\"wp-block-columns alignwide is-layout-flex wp-container-core-columns-is-layout-549b0c86 wp-block-columns-is-layout-flex\">\n<div class=\"wp-block-column has-global-padding is-content-justification-left is-layout-constrained wp-container-core-column-is-layout-4f15e8fe wp-block-column-is-layout-constrained\" style=\"flex-basis:40%\">\n<figure class=\"wp-block-image size-full\"><img loading=\"lazy\" decoding=\"async\" width=\"814\" height=\"839\" src=\"http:\/\/stage.zen-road.org\/wp-content\/uploads\/2025\/02\/Philippe-Coupey-portrait.jpg\" alt=\"\" class=\"wp-image-222\" style=\"aspect-ratio:2\/3;object-fit:cover\" srcset=\"https:\/\/stage.zen-road.org\/wp-content\/uploads\/2025\/02\/Philippe-Coupey-portrait.jpg 814w, https:\/\/stage.zen-road.org\/wp-content\/uploads\/2025\/02\/Philippe-Coupey-portrait-291x300.jpg 291w, https:\/\/stage.zen-road.org\/wp-content\/uploads\/2025\/02\/Philippe-Coupey-portrait-768x792.jpg 768w\" sizes=\"auto, (max-width: 814px) 100vw, 814px\" \/><\/figure>\n\n\n\n<p>Philippe Reiryu Coupey<\/p>\n<\/div>\n\n\n\n<div class=\"wp-block-column is-layout-flow wp-container-core-column-is-layout-119bc444 wp-block-column-is-layout-flow\" style=\"flex-basis:60%\">\n<p class=\"has-heading-font-family has-x-large-font-size\" style=\"line-height:1.2\">Le r\u00e9f\u00e9rent Zen de Sans demeure<\/p>\n\n\n\n<div class=\"wp-block-columns is-layout-flex wp-container-core-columns-is-layout-87beb0d0 wp-block-columns-is-layout-flex\">\n<div class=\"wp-block-column is-layout-flow wp-block-column-is-layout-flow\">\n<p class=\"wp-container-content-9cfa9a5a\">Dans ce texte nous pr\u00e9sentons Philippe, de sa vison pour Sans demeure et nous parlons de notre compr\u00e9hension de la r\u00e9lation ma\u00eetre disciple.<\/p>\n\n\n\n<p>In diesem Text stellen wir Philipp vor, seine Vision f\u00fcr Ohne Bleibe und sprechen \u00fcber unser Verst\u00e4ndnis der Meister-Sch\u00fcler-Beziehung.<\/p>\n<\/div>\n\n\n\n<div class=\"wp-block-column is-layout-flow wp-block-column-is-layout-flow\">\n<p class=\"wp-container-content-9cfa9a5a\">Dans ce texte nous pr\u00e9sentons Philippe, de sa vison pour Sans demeure et nous parlons de notre compr\u00e9hension de la r\u00e9lation ma\u00eetre disciple.<\/p>\n\n\n\n<p>In diesem Text stellen wir Philipp vor, seine Vision f\u00fcr Ohne Bleibe und sprechen \u00fcber unser Verst\u00e4ndnis der Meister-Sch\u00fcler-Beziehung.<\/p>\n<\/div>\n<\/div>\n<\/div>\n<\/div>\n<\/div>\n\n\n\n<div class=\"wp-block-group alignfull has-background has-global-padding is-layout-constrained wp-container-core-group-is-layout-d89aad35 wp-block-group-is-layout-constrained\" style=\"background-color:#f1ede0;margin-top:0;margin-bottom:0;padding-top:var(--wp--preset--spacing--50);padding-right:var(--wp--preset--spacing--50);padding-bottom:var(--wp--preset--spacing--50);padding-left:var(--wp--preset--spacing--50)\">\n<div class=\"wp-block-columns alignwide is-layout-flex wp-container-core-columns-is-layout-549b0c86 wp-block-columns-is-layout-flex\">\n<div class=\"wp-block-column has-global-padding is-content-justification-left is-layout-constrained wp-container-core-column-is-layout-4f15e8fe wp-block-column-is-layout-constrained\" style=\"flex-basis:40%\">\n<figure class=\"wp-block-image size-full\"><img decoding=\"async\" src=\"http:\/\/stage.zen-road.org\/wp-content\/uploads\/2025\/03\/zen_selo3.jpg\" alt=\"\" class=\"wp-image-558\" style=\"aspect-ratio:2\/3;object-fit:cover\"\/><\/figure>\n\n\n\n<p>Le bouddha avec l&rsquo;\u00e9p\u00e9e de la sagesse<\/p>\n<\/div>\n\n\n\n<div class=\"wp-block-column is-layout-flow wp-container-core-column-is-layout-119bc444 wp-block-column-is-layout-flow\" style=\"flex-basis:60%\">\n<p class=\"has-heading-font-family has-x-large-font-size\" style=\"line-height:1.2\">L&rsquo;enseignement Zen<\/p>\n\n\n\n<div class=\"wp-block-columns is-layout-flex wp-container-core-columns-is-layout-87beb0d0 wp-block-columns-is-layout-flex\">\n<div class=\"wp-block-column is-layout-flow wp-block-column-is-layout-flow\">\n<p class=\"wp-container-content-9cfa9a5a\">L&rsquo;enseignement Zen &#8211; Dans ce texte nous souhaitons communiquer qu&rsquo;il s&rsquo;agit de l&rsquo;homme et de l&rsquo;\u00e9veil et d&rsquo;une fa\u00e7on d&rsquo;\u00eatre ensemble dans ce monde. Tout cela racin\u00e9 dans un corps transmis des textes, des mondos etc. <\/p>\n\n\n\n<p><\/p>\n<\/div>\n\n\n\n<div class=\"wp-block-column is-layout-flow wp-block-column-is-layout-flow\">\n<p class=\"wp-container-content-9cfa9a5a\">Die Zen-Lehre &#8211; In diesem Text m\u00f6chten wir vermitteln, dass es um den Menschen und das Erwachen geht und um eine Art, in dieser Welt zusammen zu sein. All dies wurzelt in einem K\u00f6rper, der Texte, Weltbilder usw. \u00fcbermittelt.<\/p>\n\n\n\n<p><\/p>\n<\/div>\n<\/div>\n<\/div>\n<\/div>\n<\/div>\n\n\n\n<div class=\"wp-block-group alignfull has-background has-global-padding is-layout-constrained wp-container-core-group-is-layout-d89aad35 wp-block-group-is-layout-constrained\" style=\"background-color:#f1ede0;margin-top:0;margin-bottom:0;padding-top:var(--wp--preset--spacing--50);padding-right:var(--wp--preset--spacing--50);padding-bottom:var(--wp--preset--spacing--50);padding-left:var(--wp--preset--spacing--50)\">\n<div class=\"wp-block-columns alignwide is-layout-flex wp-container-core-columns-is-layout-549b0c86 wp-block-columns-is-layout-flex\">\n<div class=\"wp-block-column has-global-padding is-content-justification-left is-layout-constrained wp-container-core-column-is-layout-4f15e8fe wp-block-column-is-layout-constrained\" style=\"flex-basis:40%\">\r\n<div id=\"slider-pro-1\" class=\"slider-pro sp-no-js\" style=\"width: 500px; height: 300px;\">\r\n\t<div class=\"sp-slides\">\r\n\t\t\r\n\t\t<div class=\"sp-slide\">\r\n\t\t\t<img loading=\"lazy\" decoding=\"async\" class=\"sp-image\" src=\"http:\/\/stage.zen-road.org\/wp-content\/uploads\/2025\/02\/DojoCite122024small-300x225.jpg\" width=\"300\" height=\"225\" \/>\r\n\t\t\t\r\n\t\t\t<div class=\"sp-caption\">Une texte qui d\u00e9crit ce qu'on voir sur l'image, samu, zazen ou autre chose.<\/div>\r\n\t\t<\/div>\r\n\t\t<div class=\"sp-slide\">\r\n\t\t\t<img loading=\"lazy\" decoding=\"async\" class=\"sp-image\" src=\"http:\/\/stage.zen-road.org\/wp-content\/uploads\/2025\/02\/7ED5236D-26A8-42EF-9ADD-C61873229F14-300x225.jpeg\" width=\"300\" height=\"225\" \/>\r\n\t\t\t\r\n\t\t\t<div class=\"sp-caption\">Une texte qui d\u00e9crit ce qu'on voir sur l'image, samu, zazen ou autre chose.<\/div>\r\n\t\t<\/div>\r\n\t\t<div class=\"sp-slide\">\r\n\t\t\t<img loading=\"lazy\" decoding=\"async\" class=\"sp-image\" src=\"http:\/\/stage.zen-road.org\/wp-content\/uploads\/2025\/02\/3D6D52BC-AD2F-4EDB-A779-253000C5BB74-300x225.jpeg\" width=\"300\" height=\"225\" \/>\r\n\t\t\t\r\n\t\t\t<div class=\"sp-caption\">Une texte qui d\u00e9crit ce qu'on voir sur l'image, samu, zazen ou autre chose.<\/div>\r\n\t\t<\/div>\r\n\t\t<div class=\"sp-slide\">\r\n\t\t\t<img loading=\"lazy\" decoding=\"async\" class=\"sp-image\" src=\"http:\/\/stage.zen-road.org\/wp-content\/uploads\/2025\/02\/2DA0CD4E-4FDF-4B90-9310-EF93FD5AF517-300x225.jpeg\" width=\"300\" height=\"225\" \/>\r\n\t\t\t\r\n\t\t\t<div class=\"sp-caption\">Une texte qui d\u00e9crit ce qu'on voir sur l'image, samu, zazen ou autre chose.<\/div>\r\n\t\t<\/div>\r\n\t\t<div class=\"sp-slide\">\r\n\t\t\t<img loading=\"lazy\" decoding=\"async\" class=\"sp-image\" src=\"http:\/\/stage.zen-road.org\/wp-content\/uploads\/2025\/02\/EA50CFB2-3C49-4A96-A80F-C09D080F87A5-300x225.jpeg\" width=\"300\" height=\"225\" \/>\r\n\t\t\t\r\n\t\t\t<div class=\"sp-caption\">Une texte qui d\u00e9crit ce qu'on voir sur l'image, samu, zazen ou autre chose.<\/div>\r\n\t\t<\/div>\r\n\t\t<div class=\"sp-slide\">\r\n\t\t\t<img loading=\"lazy\" decoding=\"async\" class=\"sp-image\" src=\"http:\/\/stage.zen-road.org\/wp-content\/uploads\/2025\/02\/9339B90F-0263-4939-9D09-B5E89BC555B9-300x225.jpeg\" width=\"300\" height=\"225\" \/>\r\n\t\t\t\r\n\t\t\t<div class=\"sp-caption\">Une texte qui d\u00e9crit ce qu'on voir sur l'image, samu, zazen ou autre chose.<\/div>\r\n\t\t<\/div>\r\n\t\t<div class=\"sp-slide\">\r\n\t\t\t<img loading=\"lazy\" decoding=\"async\" class=\"sp-image\" src=\"http:\/\/stage.zen-road.org\/wp-content\/uploads\/2025\/02\/FDDFA188-454F-4DB1-A414-0B019E037619-300x225.jpeg\" width=\"300\" height=\"225\" \/>\r\n\t\t\t\r\n\t\t\t<div class=\"sp-caption\">Une texte qui d\u00e9crit ce qu'on voir sur l'image, samu, zazen ou autre chose.<\/div>\r\n\t\t<\/div>\r\n\t\t<div class=\"sp-slide\">\r\n\t\t\t<img loading=\"lazy\" decoding=\"async\" class=\"sp-image\" src=\"http:\/\/stage.zen-road.org\/wp-content\/uploads\/2025\/02\/CE1B7770-B92B-4C18-A0A5-811ED310F0AC-300x143.png\" width=\"300\" height=\"143\" \/>\r\n\t\t\t\r\n\t\t\t<div class=\"sp-caption\">Une texte qui d\u00e9crit ce qu'on voir sur l'image, samu, zazen ou autre chose.<\/div>\r\n\t\t<\/div>\r\n\t\t<div class=\"sp-slide\">\r\n\t\t\t<img loading=\"lazy\" decoding=\"async\" class=\"sp-image\" src=\"http:\/\/stage.zen-road.org\/wp-content\/uploads\/2025\/02\/DZP-ceremoniePhC-297x300.jpg\" width=\"297\" height=\"300\" \/>\r\n\t\t\t\r\n\t\t\t<div class=\"sp-caption\">Une texte qui d\u00e9crit ce qu'on voir sur l'image, samu, zazen ou autre chose.<\/div>\r\n\t\t<\/div>\r\n\t<\/div>\r\n<\/div>\n<\/div>\n\n\n\n<div class=\"wp-block-column is-layout-flow wp-container-core-column-is-layout-119bc444 wp-block-column-is-layout-flow\" style=\"flex-basis:60%\">\n<p class=\"has-heading-font-family has-x-large-font-size\" style=\"line-height:1.2\">La pratique au quotidien<\/p>\n\n\n\n<div class=\"wp-block-columns is-layout-flex wp-container-core-columns-is-layout-87beb0d0 wp-block-columns-is-layout-flex\">\n<div class=\"wp-block-column is-layout-flow wp-block-column-is-layout-flow\">\n<p class=\"wp-container-content-9cfa9a5a\">Ici la notion du dojo, de pratiquer reguli\u00e8rement, mushotoku etc<\/p>\n\n\n\n<p>In diesem Text stellen wir Philipp vor, seine Vision f\u00fcr Ohne Bleibe und sprechen \u00fcber unser Verst\u00e4ndnis der Meister-Sch\u00fcler-Beziehung.<\/p>\n<\/div>\n\n\n\n<div class=\"wp-block-column is-layout-flow wp-block-column-is-layout-flow\">\n<p class=\"wp-container-content-9cfa9a5a\">Dans ce texte nous pr\u00e9sentons Philippe, de sa vison pour Sans demeure et nous parlons de notre compr\u00e9hension de la r\u00e9lation ma\u00eetre disciple.<\/p>\n\n\n\n<p>In diesem Text stellen wir Philipp vor, seine Vision f\u00fcr Ohne Bleibe und sprechen \u00fcber unser Verst\u00e4ndnis der Meister-Sch\u00fcler-Beziehung.<\/p>\n<\/div>\n<\/div>\n<\/div>\n<\/div>\n<\/div>\n\n\n\n<div class=\"wp-block-cover alignfull has-parallax wp-duotone-varpresetduotoneduotone-2-5\" style=\"min-height:100vh;aspect-ratio:unset;\"><div class=\"wp-block-cover__image-background wp-image-15 has-parallax\" style=\"background-position:50% 50%;background-image:url(http:\/\/stage.zen-road.org\/wp-content\/uploads\/2025\/02\/7ED5236D-26A8-42EF-9ADD-C61873229F14-scaled.jpeg)\"><\/div><span aria-hidden=\"true\" class=\"wp-block-cover__background has-background-dim-40 has-background-dim\" style=\"background-color:#000000\"><\/span><div class=\"wp-block-cover__inner-container is-layout-flow wp-block-cover-is-layout-flow\">\n<h2 class=\"wp-block-heading alignwide has-white-color has-text-color\" style=\"font-size:clamp(27.894px, 1.743rem + ((1vw - 3.2px) * 2.094), 48px);line-height:1.2\"><strong><em>Les dojos<\/em><\/strong><\/h2>\n\n\n\n<div class=\"wp-block-columns alignwide is-layout-flex wp-container-core-columns-is-layout-28f84493 wp-block-columns-is-layout-flex\">\n<div class=\"wp-block-column is-layout-flow wp-block-column-is-layout-flow\" style=\"flex-basis:60%\">\n<p class=\"has-text-color\" style=\"color:#ffffff\">Ici nous parlons du dojo, dans la bref description mentionner que nous travaillons dans un cadre associative.<\/p>\n\n\n\n<p class=\"has-text-color\" style=\"color:#ffffff\"> <strong>Hier<\/strong> sprechen wir \u00fcber das Dojo, in der Kurz-beschreibung kurz erw\u00e4hnen, dass wir in einem Vereinsrahmen arbeiten.<\/p>\n\n\n\n<div class=\"wp-block-buttons is-layout-flex wp-block-buttons-is-layout-flex\">\n<div class=\"wp-block-button is-style-outline is-style-outline--4\"><a class=\"wp-block-button__link has-text-color has-background wp-element-button\" style=\"color:#ffffff;background-color:#000000\">Visit<\/a><\/div>\n<\/div>\n<\/div>\n\n\n\n<div class=\"wp-block-column is-layout-flow wp-block-column-is-layout-flow\"><\/div>\n<\/div>\n<\/div><\/div>\n\n\n\n<p><\/p>\n\n\n<\/main>\n","protected":false},"excerpt":{"rendered":"<p>Zen Road+ Une description du zen, de zazen et de nous &#8211; 2- 3 phrases Eine Beschreibung von Zen, Zazen und uns &#8211; 2- 3 S\u00e4tzen Le Zen Pratique et [&hellip;]<\/p>\n","protected":false},"author":1,"featured_media":0,"parent":0,"menu_order":0,"comment_status":"closed","ping_status":"closed","template":"","meta":{"_EventAllDay":false,"_EventTimezone":"","_EventStartDate":"","_EventEndDate":"","_EventStartDateUTC":"","_EventEndDateUTC":"","_EventShowMap":false,"_EventShowMapLink":false,"_EventURL":"","_EventCost":"","_EventCostDescription":"","_EventCurrencySymbol":"","_EventCurrencyCode":"","_EventCurrencyPosition":"","_EventDateTimeSeparator":"","_EventTimeRangeSeparator":"","_EventOrganizerID":[],"_EventVenueID":[],"_OrganizerEmail":"","_OrganizerPhone":"","_OrganizerWebsite":"","_VenueAddress":"","_VenueCity":"","_VenueCountry":"","_VenueProvince":"","_VenueState":"","_VenueZip":"","_VenuePhone":"","_VenueURL":"","_VenueStateProvince":"","_VenueLat":"","_VenueLng":"","_VenueShowMap":false,"_VenueShowMapLink":false,"footnotes":""},"class_list":["post-1570","page","type-page","status-publish","hentry"],"_links":{"self":[{"href":"https:\/\/stage.zen-road.org\/index.php?rest_route=\/wp\/v2\/pages\/1570","targetHints":{"allow":["GET"]}}],"collection":[{"href":"https:\/\/stage.zen-road.org\/index.php?rest_route=\/wp\/v2\/pages"}],"about":[{"href":"https:\/\/stage.zen-road.org\/index.php?rest_route=\/wp\/v2\/types\/page"}],"author":[{"embeddable":true,"href":"https:\/\/stage.zen-road.org\/index.php?rest_route=\/wp\/v2\/users\/1"}],"replies":[{"embeddable":true,"href":"https:\/\/stage.zen-road.org\/index.php?rest_route=%2Fwp%2Fv2%2Fcomments&post=1570"}],"version-history":[{"count":2,"href":"https:\/\/stage.zen-road.org\/index.php?rest_route=\/wp\/v2\/pages\/1570\/revisions"}],"predecessor-version":[{"id":1572,"href":"https:\/\/stage.zen-road.org\/index.php?rest_route=\/wp\/v2\/pages\/1570\/revisions\/1572"}],"wp:attachment":[{"href":"https:\/\/stage.zen-road.org\/index.php?rest_route=%2Fwp%2Fv2%2Fmedia&parent=1570"}],"curies":[{"name":"wp","href":"https:\/\/api.w.org\/{rel}","templated":true}]}}